{"id":3,"date":"2024-03-18T10:22:52","date_gmt":"2024-03-18T10:22:52","guid":{"rendered":"https:\/\/embarazadasnuevelunas.com\/?page_id=3"},"modified":"2024-04-04T17:50:52","modified_gmt":"2024-04-04T17:50:52","slug":"privacy-policy","status":"publish","type":"page","link":"https:\/\/embarazadasnuevelunas.com\/en\/privacy-policy\/","title":{"rendered":"Privacy Policy"},"content":{"rendered":"<div data-elementor-type=\"wp-page\" data-elementor-id=\"3\" class=\"elementor elementor-3\">\n\t\t\t\t<div class=\"elementor-element elementor-element-3c8a6c8 e-flex e-con-boxed e-con e-parent\" data-id=\"3c8a6c8\" data-element_type=\"container\" data-e-type=\"container\" data-settings=\"{&quot;background_background&quot;:&quot;classic&quot;}\">\n\t\t\t\t\t<div class=\"e-con-inner\">\n\t\t\t\t<div class=\"elementor-element elementor-element-02c80fe elementor-widget elementor-widget-image\" data-id=\"02c80fe\" data-element_type=\"widget\" data-e-type=\"widget\" data-widget_type=\"image.default\">\n\t\t\t\t<div class=\"elementor-widget-container\">\n\t\t\t\t\t\t\t\t\t\t\t\t\t\t\t<img decoding=\"async\" src=\"https:\/\/cdn.shortpixel.ai\/stsp\/to_webp,q_lossy,ret_img\/https:\/\/embarazadasnuevelunas.com\/wp-content\/uploads\/elementor\/thumbs\/Vectorheart2-qm6oqgqvvotf3f8vu6d9zhv6gv5w5zcrg46x6sx9ie.png\" title=\"Vectorheart2\" alt=\"Vectorheart2\" loading=\"lazy\" \/>\t\t\t\t\t\t\t\t\t\t\t\t\t\t\t<\/div>\n\t\t\t\t<\/div>\n\t\t\t\t<div class=\"elementor-element elementor-element-7d71848 elementor-widget elementor-widget-heading\" data-id=\"7d71848\" data-element_type=\"widget\" data-e-type=\"widget\" data-widget_type=\"heading.default\">\n\t\t\t\t<div class=\"elementor-widget-container\">\n\t\t\t\t\t<h2 class=\"elementor-heading-title elementor-size-default\">Pol\u00edtica de Privacidad<\/h2>\t\t\t\t<\/div>\n\t\t\t\t<\/div>\n\t\t\t\t\t<\/div>\n\t\t\t\t<\/div>\n\t\t<div class=\"elementor-element elementor-element-b1f2c39 e-flex e-con-boxed e-con e-parent\" data-id=\"b1f2c39\" data-element_type=\"container\" data-e-type=\"container\">\n\t\t\t\t\t<div class=\"e-con-inner\">\n\t\t\t\t<div class=\"elementor-element elementor-element-1655dde elementor-widget elementor-widget-heading\" data-id=\"1655dde\" data-element_type=\"widget\" data-e-type=\"widget\" data-widget_type=\"heading.default\">\n\t\t\t\t<div class=\"elementor-widget-container\">\n\t\t\t\t\t<h2 class=\"elementor-heading-title elementor-size-default\">Informaci\u00f3n adicional sobre protecci\u00f3n de datos\n<\/h2>\t\t\t\t<\/div>\n\t\t\t\t<\/div>\n\t\t\t\t<div class=\"elementor-element elementor-element-c87b88a elementor-widget elementor-widget-text-editor\" data-id=\"c87b88a\" data-element_type=\"widget\" data-e-type=\"widget\" data-widget_type=\"text-editor.default\">\n\t\t\t\t<div class=\"elementor-widget-container\">\n\t\t\t\t\t\t\t\t\t<p>Lo que se hace y no se hace con tus datos personales en esta web lo encontrar\u00e1s aqu\u00ed.<\/p>\n<p>Esta pol\u00edtica expresa c\u00f3mo se tratar\u00e1 y proteger\u00e1 la informaci\u00f3n personal de todas las personas que se relacionan con embarazadasnuevelunas.com a trav\u00e9s de este sitio web. Por favor, debes leer todos los apartados del Aviso Legal, de la pol\u00edtica de cookies y de la presente pol\u00edtica de privacidad antes de utilizar esta web.<\/p>\n<p>De conformidad con lo dispuesto en Reglamento UE 2016\/679, del Parlamento Europeo y del Consejo del 27 de abril de 2016 (RGPD) y la Ley Org\u00e1nica 3\/2018, del 5 de diciembre, de Protecci\u00f3n de Datos Personales y garant\u00eda de los derechos digitales, embarazadasnuevelunas.com, te informa de que, mediante la aceptaci\u00f3n de esta Pol\u00edtica de Privacidad, prestas tu consentimiento expreso, informado, libre e inequ\u00edvoco para que los Datos que proporcionas, y sobre los que se aplican las medidas de seguridad, t\u00e9cnicas y organizativas previstas en la normativa vigente, sean tratados por Beatriz Wellness Coaching Solutions, como responsable del tratamiento.<\/p>\t\t\t\t\t\t\t\t<\/div>\n\t\t\t\t<\/div>\n\t\t\t\t\t<\/div>\n\t\t\t\t<\/div>\n\t\t<div class=\"elementor-element elementor-element-8631016 e-flex e-con-boxed e-con e-parent\" data-id=\"8631016\" data-element_type=\"container\" data-e-type=\"container\">\n\t\t\t\t\t<div class=\"e-con-inner\">\n\t\t\t\t<div class=\"elementor-element elementor-element-acdc441 elementor-widget elementor-widget-heading\" data-id=\"acdc441\" data-element_type=\"widget\" data-e-type=\"widget\" data-widget_type=\"heading.default\">\n\t\t\t\t<div class=\"elementor-widget-container\">\n\t\t\t\t\t<h2 class=\"elementor-heading-title elementor-size-default\">\u00bfQui\u00e9n es el responsable de esta web?\u200b<\/h2>\t\t\t\t<\/div>\n\t\t\t\t<\/div>\n\t\t\t\t<div class=\"elementor-element elementor-element-c8b459c elementor-widget elementor-widget-text-editor\" data-id=\"c8b459c\" data-element_type=\"widget\" data-e-type=\"widget\" data-widget_type=\"text-editor.default\">\n\t\t\t\t<div class=\"elementor-widget-container\">\n\t\t\t\t\t\t\t\t\t<p>Identidad del Responsable: MARIA DE LAS MERCEDES JOGLAR VILLANO<\/p>\n<p>DNI: 30312531A<\/p>\n<p>Direcci\u00f3n: CALLE QUITO,19,08030, BARCELONA, CATALU\u00d1A, ESPA\u00d1A<\/p>\n<p>Correo electr\u00f3nico: embarazadasnl@gmail.com<\/p>\t\t\t\t\t\t\t\t<\/div>\n\t\t\t\t<\/div>\n\t\t\t\t\t<\/div>\n\t\t\t\t<\/div>\n\t\t<div class=\"elementor-element elementor-element-fbc07e3 e-flex e-con-boxed e-con e-parent\" data-id=\"fbc07e3\" data-element_type=\"container\" data-e-type=\"container\">\n\t\t\t\t\t<div class=\"e-con-inner\">\n\t\t\t\t<div class=\"elementor-element elementor-element-1635978 elementor-widget elementor-widget-heading\" data-id=\"1635978\" data-element_type=\"widget\" data-e-type=\"widget\" data-widget_type=\"heading.default\">\n\t\t\t\t<div class=\"elementor-widget-container\">\n\t\t\t\t\t<h2 class=\"elementor-heading-title elementor-size-default\">\u00bfQu\u00e9 datos personales se recogen en esta web?<\/h2>\t\t\t\t<\/div>\n\t\t\t\t<\/div>\n\t\t\t\t<div class=\"elementor-element elementor-element-9aa66ae elementor-widget elementor-widget-text-editor\" data-id=\"9aa66ae\" data-element_type=\"widget\" data-e-type=\"widget\" data-widget_type=\"text-editor.default\">\n\t\t\t\t<div class=\"elementor-widget-container\">\n\t\t\t\t\t\t\t\t\t<p>Para las finalidades establecidas en esta Pol\u00edtica de Privacidad, embarazadasnuevelunas.com recaba y trata los Datos Personales que se detallan a continuaci\u00f3n, que depender\u00e1n de los diferentes productos o servicios que solicite en esta Web:<\/p>\n<p><strong>Datos identificativos:<\/strong>\u00a0nombre, apellidos.<br \/><strong>Datos de contacto:<\/strong> direcci\u00f3n postal, correo electr\u00f3nico, n\u00famero de tel\u00e9fono m\u00f3vil.<br \/><strong>Datos navegaci\u00f3n:<\/strong>\u00a0direcci\u00f3n IP, tipo e identificaci\u00f3n del dispositivo, tipo de navegador, dominio a trav\u00e9s del cual accede al Sitio Web, datos de navegaci\u00f3n, actividad en el Sitio Web.<\/p>\t\t\t\t\t\t\t\t<\/div>\n\t\t\t\t<\/div>\n\t\t\t\t\t<\/div>\n\t\t\t\t<\/div>\n\t\t<div class=\"elementor-element elementor-element-b913a7a e-flex e-con-boxed e-con e-parent\" data-id=\"b913a7a\" data-element_type=\"container\" data-e-type=\"container\">\n\t\t\t\t\t<div class=\"e-con-inner\">\n\t\t\t\t<div class=\"elementor-element elementor-element-30cacb1 elementor-widget elementor-widget-heading\" data-id=\"30cacb1\" data-element_type=\"widget\" data-e-type=\"widget\" data-widget_type=\"heading.default\">\n\t\t\t\t<div class=\"elementor-widget-container\">\n\t\t\t\t\t<h2 class=\"elementor-heading-title elementor-size-default\">Cookies<\/h2>\t\t\t\t<\/div>\n\t\t\t\t<\/div>\n\t\t\t\t<div class=\"elementor-element elementor-element-9ad9dc2 elementor-widget elementor-widget-text-editor\" data-id=\"9ad9dc2\" data-element_type=\"widget\" data-e-type=\"widget\" data-widget_type=\"text-editor.default\">\n\t\t\t\t<div class=\"elementor-widget-container\">\n\t\t\t\t\t\t\t\t\t<p>Utilizamos la herramienta de consentimiento \u00abReal Cookie Banner\u00bb para gestionar las cookies y otras tecnolog\u00edas similares utilizadas (p\u00edxeles de seguimiento, balizas web, etc.), y los consentimientos relacionados a las mismas. Encontrar\u00e1 informaci\u00f3n detallada sobre el funcionamiento de \u00abReal Cookie Banner\u00bb en\u00a0<a href=\"https:\/\/devowl.io\/rcb\/data-processing\/\" target=\"_blank\" rel=\"noopener noreferrer\">https:\/\/devowl.io\/rcb\/data-processing\/.<\/a><\/p><p>La base legal para el tratamiento de datos personales en este contexto son el Art\u00edculo 6 (1) sub. c del RGPD y el Art\u00edculo 6 (1) sub. f RGPD. Nuestro inter\u00e9s leg\u00edtimo es la gesti\u00f3n de las cookies y tecnolog\u00edas similares utilizadas y los consentimientos relacionados.<\/p><p>El suministro de datos personales no es obligatorio por contrato ni necesario para la celebraci\u00f3n de un contrato. Usted no est\u00e1 obligado a facilitar sus datos personales. Pero si no lo hace, no podremos gestionar sus consentimientos.<\/p>\t\t\t\t\t\t\t\t<\/div>\n\t\t\t\t<\/div>\n\t\t\t\t\t<\/div>\n\t\t\t\t<\/div>\n\t\t<div class=\"elementor-element elementor-element-263bf1e e-flex e-con-boxed e-con e-parent\" data-id=\"263bf1e\" data-element_type=\"container\" data-e-type=\"container\">\n\t\t\t\t\t<div class=\"e-con-inner\">\n\t\t\t\t<div class=\"elementor-element elementor-element-99e7716 elementor-widget elementor-widget-heading\" data-id=\"99e7716\" data-element_type=\"widget\" data-e-type=\"widget\" data-widget_type=\"heading.default\">\n\t\t\t\t<div class=\"elementor-widget-container\">\n\t\t\t\t\t<h2 class=\"elementor-heading-title elementor-size-default\">\u00bfCon qu\u00e9 base legal se tratan estos datos?\n<\/h2>\t\t\t\t<\/div>\n\t\t\t\t<\/div>\n\t\t\t\t<div class=\"elementor-element elementor-element-1778c95 elementor-widget elementor-widget-text-editor\" data-id=\"1778c95\" data-element_type=\"widget\" data-e-type=\"widget\" data-widget_type=\"text-editor.default\">\n\t\t\t\t<div class=\"elementor-widget-container\">\n\t\t\t\t\t\t\t\t\t<p>Tratamos tus datos personales con las siguientes bases legales:<\/p>\n<ul>\n<li>La ejecuci\u00f3n de un contrato con embarazadasnuevelunas.com, para la contrataci\u00f3n de servicios, publicar anuncios y gestionar los servicios solicitados.<\/li>\n<li>El consentimiento del usuario en relaci\u00f3n al contacto, la suscripci\u00f3n a contenidos y el env\u00edo de comunicaciones comerciales, v\u00eda mail, cookies o sistemas de mensajer\u00eda.<\/li>\n<li>El inter\u00e9s leg\u00edtimo del responsable del tratamiento para proteger a los usuarios de la web de embarazadasnuevelunas.com de abusos y fraudes en el uso de nuestros servicios.<\/li>\n<\/ul>\t\t\t\t\t\t\t\t<\/div>\n\t\t\t\t<\/div>\n\t\t\t\t\t<\/div>\n\t\t\t\t<\/div>\n\t\t<div class=\"elementor-element elementor-element-a4c4471 e-flex e-con-boxed e-con e-parent\" data-id=\"a4c4471\" data-element_type=\"container\" data-e-type=\"container\">\n\t\t\t\t\t<div class=\"e-con-inner\">\n\t\t\t\t<div class=\"elementor-element elementor-element-b3e7ce5 elementor-widget elementor-widget-heading\" data-id=\"b3e7ce5\" data-element_type=\"widget\" data-e-type=\"widget\" data-widget_type=\"heading.default\">\n\t\t\t\t<div class=\"elementor-widget-container\">\n\t\t\t\t\t<h2 class=\"elementor-heading-title elementor-size-default\">\u00bfCon qu\u00e9 finalidades tratamos tus datos?\n<\/h2>\t\t\t\t<\/div>\n\t\t\t\t<\/div>\n\t\t\t\t<div class=\"elementor-element elementor-element-2fdf267 elementor-widget elementor-widget-text-editor\" data-id=\"2fdf267\" data-element_type=\"widget\" data-e-type=\"widget\" data-widget_type=\"text-editor.default\">\n\t\t\t\t<div class=\"elementor-widget-container\">\n\t\t\t\t\t\t\t\t\t<p>En esta web, existen diferentes formularios, en cada uno de ellos, la informaci\u00f3n que recoja se utilizar\u00e1 de la siguiente manera:<\/p>\n<p><strong>Formularios de suscripci\u00f3n a contenidos:<\/strong>\u00a0existen varios formularios para activar la suscripci\u00f3n. Los datos facilitados ser\u00e1n utilizados exclusivamente para enviar la Newsletter y mantenerte actualizado sobre novedades y ofertas puntuales, exclusivas para suscriptores de <a href=\"https:\/\/embarazadasnuevelunas.com\/en\/\">https:\/\/embarazadasnuevelunas.com\/<\/a><\/p>\n<p><strong>Formulario de comentarios:<\/strong>\u00a0Los datos personales introducidos en el formulario para insertar estos comentarios ser\u00e1n utilizados exclusivamente para moderarlos y publicarlos.<\/p>\n<p><strong>Formulario de contacto:<\/strong>\u00a0Tambi\u00e9n existe un formulario de contacto para consultas, sugerencias o contacto profesional. En este caso se utilizar\u00e1 la direcci\u00f3n de correo electr\u00f3nico para responder a las mismas y enviar la informaci\u00f3n que el usuario requiera a trav\u00e9s de la web.<\/p>\n<p><strong>Formulario de Registro:<\/strong>\u00a0En este caso, solicitamos los siguientes datos personales: Nombre, Email, para que puedas crear una cuenta en nuestro sistema y dar acceso a sus funcionalidades.<\/p>\n<p><strong>Sistemas de Descargas:<\/strong>\u00a0En esta web se pueden descargar diferentes contenidos que se incorporan peri\u00f3dicamente en formato texto, video y audio. En este caso, se requiere un correo electr\u00f3nico para activar el formulario de suscripci\u00f3n. Se utiliza su informaci\u00f3n con los fines indicados para suscriptores.<\/p>\t\t\t\t\t\t\t\t<\/div>\n\t\t\t\t<\/div>\n\t\t\t\t\t<\/div>\n\t\t\t\t<\/div>\n\t\t<div class=\"elementor-element elementor-element-b65a1fd e-flex e-con-boxed e-con e-parent\" data-id=\"b65a1fd\" data-element_type=\"container\" data-e-type=\"container\">\n\t\t\t\t\t<div class=\"e-con-inner\">\n\t\t\t\t<div class=\"elementor-element elementor-element-baae74a elementor-widget elementor-widget-heading\" data-id=\"baae74a\" data-element_type=\"widget\" data-e-type=\"widget\" data-widget_type=\"heading.default\">\n\t\t\t\t<div class=\"elementor-widget-container\">\n\t\t\t\t\t<h2 class=\"elementor-heading-title elementor-size-default\"> Tiempo de conservaci\u00f3n de los datos personales\n<\/h2>\t\t\t\t<\/div>\n\t\t\t\t<\/div>\n\t\t\t\t<div class=\"elementor-element elementor-element-8406751 elementor-widget elementor-widget-text-editor\" data-id=\"8406751\" data-element_type=\"widget\" data-e-type=\"widget\" data-widget_type=\"text-editor.default\">\n\t\t\t\t<div class=\"elementor-widget-container\">\n\t\t\t\t\t\t\t\t\t<p><strong>Datos de los Clientes:<\/strong>\u00a0El periodo de conservaci\u00f3n de los datos personales variar\u00e1 en funci\u00f3n del servicio que el Cliente contrate. En cualquier caso, ser\u00e1 el m\u00ednimo necesario, pudiendo mantenerse hasta:<\/p>\n<ul>\n<li>4 a\u00f1os: Ley sobre Infracciones y Sanciones en el Orden Social (obligaciones en materia de afiliaci\u00f3n, altas, bajas, cotizaci\u00f3n, pago de salarios\u2026); Arts. 66 y ss. Ley General Tributaria (libros de contabilidad\u2026).<\/li>\n<li>5 a\u00f1os: Art. 1964 del C\u00f3digo Civil (acciones personales sin plazo especial).<\/li>\n<li>6 a\u00f1os: Art. 30 del C\u00f3digo de Comercio (libros de contabilidad, facturas\u2026).<\/li>\n<li>10 a\u00f1os: Art. 25 de la Ley de Prevenci\u00f3n del Blanqueo de Capitales y Financiaci\u00f3n del Terrorismo.<\/li>\n<\/ul>\n<p><strong>Datos de los suscriptores:<\/strong>\u00a0Desde que el usuario se suscribe hasta que se da de baja.<\/p>\n<p><strong>Datos de potenciales clientes:<\/strong>\u00a0los datos se conservar\u00e1n en todo caso durante la vigencia de la relaci\u00f3n comercial establecida y, una vez concluida, dos a\u00f1os, a menos que el usuario solicite antes su supresi\u00f3n.<\/p>\t\t\t\t\t\t\t\t<\/div>\n\t\t\t\t<\/div>\n\t\t\t\t\t<\/div>\n\t\t\t\t<\/div>\n\t\t<div class=\"elementor-element elementor-element-59b6c76 e-flex e-con-boxed e-con e-parent\" data-id=\"59b6c76\" data-element_type=\"container\" data-e-type=\"container\">\n\t\t\t\t\t<div class=\"e-con-inner\">\n\t\t\t\t<div class=\"elementor-element elementor-element-cedd325 elementor-widget elementor-widget-heading\" data-id=\"cedd325\" data-element_type=\"widget\" data-e-type=\"widget\" data-widget_type=\"heading.default\">\n\t\t\t\t<div class=\"elementor-widget-container\">\n\t\t\t\t\t<h2 class=\"elementor-heading-title elementor-size-default\">\u00bfCu\u00e1les son tus derechos en lo que concierne al uso de tus datos?<\/h2>\t\t\t\t<\/div>\n\t\t\t\t<\/div>\n\t\t\t\t<div class=\"elementor-element elementor-element-0240212 elementor-widget elementor-widget-text-editor\" data-id=\"0240212\" data-element_type=\"widget\" data-e-type=\"widget\" data-widget_type=\"text-editor.default\">\n\t\t\t\t<div class=\"elementor-widget-container\">\n\t\t\t\t\t\t\t\t\t<p>Cualquier persona tiene derecho a obtener confirmaci\u00f3n sobre si en embarazadasnuevelunas.com estamos tratando datos personales que le conciernen o no.<\/p>\n<p>Las personas interesadas tienen derecho a:<\/p>\n<ul>\n<li>Solicitar el acceso a los datos personales relativos al interesado.<\/li>\n<li>Solicitar su rectificaci\u00f3n o supresi\u00f3n.<\/li>\n<li>Solicitar su cancelaci\u00f3n.<\/li>\n<li>Solicitar la limitaci\u00f3n de su tratamiento.<\/li>\n<li>Oponerse al tratamiento.<\/li>\n<li>Solicitar la portabilidad de los datos.<\/li>\n<\/ul>\n<p>Si ha otorgado su consentimiento para alguna finalidad concreta, tiene derecho a retirar el consentimiento otorgado en cualquier momento, sin que ello afecte a la licitud del tratamiento basado en el consentimiento previo a su retirada.<\/p>\n<p>En caso de que sienta vulnerados sus derechos en lo concerniente a la protecci\u00f3n de sus datos personales, especialmente cuando no haya obtenido satisfacci\u00f3n en el ejercicio de sus derechos, puede presentar una reclamaci\u00f3n ante la Autoridad de Control en materia de Protecci\u00f3n de Datos competente a trav\u00e9s de su sitio web:\u00a0<a href=\"https:\/\/www.aepd.es\/es\" target=\"_blank\" rel=\"nofollow noopener\">https:\/\/www.aepd.es\/es<\/a><\/p>\n<p>Para ejercitar estos derechos, puede escribir a <span class=\"elementor-icon-list-text\">embarazadasnl@gmail.com.<\/span><\/p>\n<p><strong>Existe un formulario para el ejercicio de sus derechos<\/strong>, lo puede pedir por email o si lo prefiere, puede usar los elaborados por la Agencia Espa\u00f1ola de Protecci\u00f3n de Datos o terceros.<\/p>\n<p>Estos formularios deben ir firmados electr\u00f3nicamente o ser acompa\u00f1ados de fotocopia del DNI.<\/p>\n<p>Si le representa alguien, debe adjuntar copia de su DNI, o debe estar firmado con su firma electr\u00f3nica.<\/p>\n<p>Los formularios pueden ser presentados presencialmente, enviados por carta o por mail a la direcci\u00f3n del responsable que aparece al inicio de este texto.<\/p>\t\t\t\t\t\t\t\t<\/div>\n\t\t\t\t<\/div>\n\t\t\t\t\t<\/div>\n\t\t\t\t<\/div>\n\t\t<div class=\"elementor-element elementor-element-5c0fc55 e-flex e-con-boxed e-con e-parent\" data-id=\"5c0fc55\" data-element_type=\"container\" data-e-type=\"container\">\n\t\t\t\t\t<div class=\"e-con-inner\">\n\t\t\t\t<div class=\"elementor-element elementor-element-82c2025 elementor-widget elementor-widget-heading\" data-id=\"82c2025\" data-element_type=\"widget\" data-e-type=\"widget\" data-widget_type=\"heading.default\">\n\t\t\t\t<div class=\"elementor-widget-container\">\n\t\t\t\t\t<h2 class=\"elementor-heading-title elementor-size-default\">\u00bfA qu\u00e9 destinatarios se comunicar\u00e1n tus datos?<\/h2>\t\t\t\t<\/div>\n\t\t\t\t<\/div>\n\t\t\t\t<div class=\"elementor-element elementor-element-0c6075a elementor-widget elementor-widget-text-editor\" data-id=\"0c6075a\" data-element_type=\"widget\" data-e-type=\"widget\" data-widget_type=\"text-editor.default\">\n\t\t\t\t<div class=\"elementor-widget-container\">\n\t\t\t\t\t\t\t\t\t<p>Muchas herramientas utilizadas en esta web para gestionar datos son contratadas por terceros. Para prestar servicios estrictamente necesarios para el desarrollo de la actividad, embarazadasnuevelunas.com comparte datos con los siguientes prestadores bajo sus correspondientes condiciones de privacidad:<\/p>\n<p>Proveedores de servicios externos (por ejemplo, servicios de procesamiento de pago, procesamiento de pedidos, an\u00e1lisis, gesti\u00f3n campa\u00f1as de marketing, gesti\u00f3n de sitios web, y distribuci\u00f3n de correo electr\u00f3nico y otros proveedores de servicios similares) a fin de que estos puedan realizar funciones comerciales en nombre de embarazadasnuevelunas.com.<\/p>\n<p>Pueden tener acceso a esta web de forma ocasional la empresa de desarrollo y mantenimiento web, o la de hosting. Las mismas tienen firmado un contrato de prestaci\u00f3n de servicios que les obliga a mantener el mismo nivel de privacidad que se aplica a los tratamientos realizados en esta web.<\/p>\n<p>Cualquier transferencia internacional de datos derivada de la utilizaci\u00f3n de herramientas o proveedores de servicios, estar\u00e1 adherida al convenio Privacy Shield, que garantiza que las empresas de software americano cumplen las pol\u00edticas de protecci\u00f3n de datos europeas en materia de privacidad, secreto y seguridad de los datos.<\/p>\t\t\t\t\t\t\t\t<\/div>\n\t\t\t\t<\/div>\n\t\t\t\t\t<\/div>\n\t\t\t\t<\/div>\n\t\t<div class=\"elementor-element elementor-element-891d831 e-flex e-con-boxed e-con e-parent\" data-id=\"891d831\" data-element_type=\"container\" data-e-type=\"container\">\n\t\t\t\t\t<div class=\"e-con-inner\">\n\t\t\t\t<div class=\"elementor-element elementor-element-8e0a7a5 elementor-widget elementor-widget-heading\" data-id=\"8e0a7a5\" data-element_type=\"widget\" data-e-type=\"widget\" data-widget_type=\"heading.default\">\n\t\t\t\t<div class=\"elementor-widget-container\">\n\t\t\t\t\t<h2 class=\"elementor-heading-title elementor-size-default\">Secreto y seguridad de los datos\n<\/h2>\t\t\t\t<\/div>\n\t\t\t\t<\/div>\n\t\t\t\t<div class=\"elementor-element elementor-element-6e6422d elementor-widget elementor-widget-text-editor\" data-id=\"6e6422d\" data-element_type=\"widget\" data-e-type=\"widget\" data-widget_type=\"text-editor.default\">\n\t\t\t\t<div class=\"elementor-widget-container\">\n\t\t\t\t\t\t\t\t\t<p>embarazadasnuevelunas.com se compromete al uso y tratamiento de los datos personales del usuario, respetando su confidencialidad, de acuerdo con la finalidad de aquellos; as\u00ed como a dar cumplimiento a su obligaci\u00f3n de guardarlos y adaptar todas las medidas para evitar la alteraci\u00f3n, p\u00e9rdida, tratamiento o acceso no autorizado, de conformidad con lo establecido en la normativa vigente de protecci\u00f3n de datos.<\/p>\n<p>(Esta web incluye un certificado SSL. Se trata de un protocolo de seguridad que hace que tus datos viajen de manera \u00edntegra y segura; es decir, la transmisi\u00f3n de los datos entre un servidor y el usuario web, y en retroalimentaci\u00f3n es totalmente cifrada o encriptada.)<\/p>\n<p>embarazadasnuevelunas.com no puede garantizar la absoluta inexpugnabilidad de la red Internet, ni, por tanto, la violaci\u00f3n de los datos mediante accesos fraudulentos a ellos por parte de terceros.<\/p>\n<p>Con respecto a la confidencialidad del procesamiento, embarazadasnuevelunas.com se asegurar\u00e1 de que cualquier persona que est\u00e9 autorizada por embarazadasnuevelunas.com para procesar los datos del cliente (incluido su personal, colaboradores y prestadores), estar\u00e1 bajo la obligaci\u00f3n apropiada de confidencialidad (ya sea un deber contractual o legal).<\/p>\n<p>Cuando se presente alg\u00fan incidente de seguridad, al darse cuenta embarazadasnuevelunas.com deber\u00e1 notificar al Cliente sin demoras indebidas y deber\u00e1 proporcionar informaci\u00f3n oportuna relacionada con el Incidente de Seguridad tal como se conozca, o cuando el cliente lo solicite razonablemente.<\/p>\t\t\t\t\t\t\t\t<\/div>\n\t\t\t\t<\/div>\n\t\t\t\t\t<\/div>\n\t\t\t\t<\/div>\n\t\t<div class=\"elementor-element elementor-element-bd2eebe e-flex e-con-boxed e-con e-parent\" data-id=\"bd2eebe\" data-element_type=\"container\" data-e-type=\"container\">\n\t\t\t\t\t<div class=\"e-con-inner\">\n\t\t\t\t<div class=\"elementor-element elementor-element-ff105c3 elementor-widget elementor-widget-heading\" data-id=\"ff105c3\" data-element_type=\"widget\" data-e-type=\"widget\" data-widget_type=\"heading.default\">\n\t\t\t\t<div class=\"elementor-widget-container\">\n\t\t\t\t\t<h2 class=\"elementor-heading-title elementor-size-default\">Cambios de la pol\u00edtica de privacidad<\/h2>\t\t\t\t<\/div>\n\t\t\t\t<\/div>\n\t\t\t\t<div class=\"elementor-element elementor-element-8095e98 elementor-widget elementor-widget-text-editor\" data-id=\"8095e98\" data-element_type=\"widget\" data-e-type=\"widget\" data-widget_type=\"text-editor.default\">\n\t\t\t\t<div class=\"elementor-widget-container\">\n\t\t\t\t\t\t\t\t\t<p>embarazadasnuevelunas.com se reserva el derecho a modificar la presente pol\u00edtica para adaptarla a novedades legislativas o jurisprudenciales, as\u00ed como a pr\u00e1cticas de la industria. En dichos supuestos, anunciar\u00e1 en esta p\u00e1gina los cambios introducidos con razonable antelaci\u00f3n a su puesta en pr\u00e1ctica.<\/p>\t\t\t\t\t\t\t\t<\/div>\n\t\t\t\t<\/div>\n\t\t\t\t\t<\/div>\n\t\t\t\t<\/div>\n\t\t\t\t<\/div>","protected":false},"excerpt":{"rendered":"<p>Pol\u00edtica de Privacidad Informaci\u00f3n adicional sobre protecci\u00f3n de datos Lo que se hace y no&#8230;<\/p>","protected":false},"author":1,"featured_media":0,"parent":0,"menu_order":0,"comment_status":"closed","ping_status":"closed","template":"elementor_header_footer","meta":{"_eb_attr":"","footnotes":""},"class_list":["post-3","page","type-page","status-publish","hentry"],"_links":{"self":[{"href":"https:\/\/embarazadasnuevelunas.com\/en\/wp-json\/wp\/v2\/pages\/3","targetHints":{"allow":["GET"]}}],"collection":[{"href":"https:\/\/embarazadasnuevelunas.com\/en\/wp-json\/wp\/v2\/pages"}],"about":[{"href":"https:\/\/embarazadasnuevelunas.com\/en\/wp-json\/wp\/v2\/types\/page"}],"author":[{"embeddable":true,"href":"https:\/\/embarazadasnuevelunas.com\/en\/wp-json\/wp\/v2\/users\/1"}],"replies":[{"embeddable":true,"href":"https:\/\/embarazadasnuevelunas.com\/en\/wp-json\/wp\/v2\/comments?post=3"}],"version-history":[{"count":13,"href":"https:\/\/embarazadasnuevelunas.com\/en\/wp-json\/wp\/v2\/pages\/3\/revisions"}],"predecessor-version":[{"id":1027,"href":"https:\/\/embarazadasnuevelunas.com\/en\/wp-json\/wp\/v2\/pages\/3\/revisions\/1027"}],"wp:attachment":[{"href":"https:\/\/embarazadasnuevelunas.com\/en\/wp-json\/wp\/v2\/media?parent=3"}],"curies":[{"name":"wp","href":"https:\/\/api.w.org\/{rel}","templated":true}]}}