{"id":25,"date":"2024-03-22T09:35:57","date_gmt":"2024-03-22T09:35:57","guid":{"rendered":"https:\/\/embarazadasnuevelunas.com\/?page_id=25"},"modified":"2025-10-10T14:07:29","modified_gmt":"2025-10-10T14:07:29","slug":"mi-mision","status":"publish","type":"page","link":"https:\/\/embarazadasnuevelunas.com\/en\/mi-mision\/","title":{"rendered":"Mi misi\u00f3n"},"content":{"rendered":"<div data-elementor-type=\"wp-page\" data-elementor-id=\"25\" class=\"elementor elementor-25\">\n\t\t\t\t<div class=\"elementor-element elementor-element-e4f0f47 e-flex e-con-boxed e-con e-parent\" data-id=\"e4f0f47\" data-element_type=\"container\" data-e-type=\"container\" data-settings=\"{&quot;background_background&quot;:&quot;classic&quot;}\">\n\t\t\t\t\t<div class=\"e-con-inner\">\n\t\t<div class=\"elementor-element elementor-element-beb6cf2 e-con-full e-flex e-con e-child\" data-id=\"beb6cf2\" data-element_type=\"container\" data-e-type=\"container\">\n\t\t\t\t<div class=\"elementor-element elementor-element-423da83 elementor-widget elementor-widget-image\" data-id=\"423da83\" data-element_type=\"widget\" data-e-type=\"widget\" data-widget_type=\"image.default\">\n\t\t\t\t<div class=\"elementor-widget-container\">\n\t\t\t\t\t\t\t\t\t\t\t\t\t\t\t<img fetchpriority=\"high\" decoding=\"async\" width=\"640\" height=\"427\" src=\"https:\/\/cdn.shortpixel.ai\/stsp\/to_webp,q_lossy,ret_img\/https:\/\/embarazadasnuevelunas.com\/wp-content\/uploads\/2025\/10\/IMG_2262-1024x683.jpg\" class=\"attachment-large size-large wp-image-1375\" alt=\"\" srcset=\"https:\/\/cdn.shortpixel.ai\/stsp\/to_webp,q_lossy,ret_img\/https:\/\/embarazadasnuevelunas.com\/wp-content\/uploads\/2025\/10\/IMG_2262-1024x683.jpg 1024w, https:\/\/cdn.shortpixel.ai\/stsp\/to_webp,q_lossy,ret_img\/https:\/\/embarazadasnuevelunas.com\/wp-content\/uploads\/2025\/10\/IMG_2262-300x200.jpg 300w, https:\/\/cdn.shortpixel.ai\/stsp\/to_webp,q_lossy,ret_img\/https:\/\/embarazadasnuevelunas.com\/wp-content\/uploads\/2025\/10\/IMG_2262-768x512.jpg 768w, https:\/\/cdn.shortpixel.ai\/stsp\/to_webp,q_lossy,ret_img\/https:\/\/embarazadasnuevelunas.com\/wp-content\/uploads\/2025\/10\/IMG_2262-1536x1024.jpg 1536w, https:\/\/cdn.shortpixel.ai\/stsp\/to_webp,q_lossy,ret_img\/https:\/\/embarazadasnuevelunas.com\/wp-content\/uploads\/2025\/10\/IMG_2262-2048x1365.jpg 2048w, https:\/\/cdn.shortpixel.ai\/stsp\/to_webp,q_lossy,ret_img\/https:\/\/embarazadasnuevelunas.com\/wp-content\/uploads\/2025\/10\/IMG_2262-18x12.jpg 18w, https:\/\/cdn.shortpixel.ai\/stsp\/to_webp,q_lossy,ret_img\/https:\/\/embarazadasnuevelunas.com\/wp-content\/uploads\/2025\/10\/IMG_2262-850x567.jpg 850w, https:\/\/cdn.shortpixel.ai\/stsp\/to_webp,q_lossy,ret_img\/https:\/\/embarazadasnuevelunas.com\/wp-content\/uploads\/2025\/10\/IMG_2262-1320x880.jpg 1320w\" sizes=\"(max-width: 640px) 100vw, 640px\" \/>\t\t\t\t\t\t\t\t\t\t\t\t\t\t\t<\/div>\n\t\t\t\t<\/div>\n\t\t\t\t<\/div>\n\t\t<div class=\"elementor-element elementor-element-3a98898 e-con-full e-flex e-con e-child\" data-id=\"3a98898\" data-element_type=\"container\" data-e-type=\"container\">\n\t\t\t\t<div class=\"elementor-element elementor-element-5d1c1a4 elementor-widget elementor-widget-heading\" data-id=\"5d1c1a4\" data-element_type=\"widget\" data-e-type=\"widget\" data-widget_type=\"heading.default\">\n\t\t\t\t<div class=\"elementor-widget-container\">\n\t\t\t\t\t<h2 class=\"elementor-heading-title elementor-size-default\">Mujer, te miro y te veo\u200b<\/h2>\t\t\t\t<\/div>\n\t\t\t\t<\/div>\n\t\t\t\t<div class=\"elementor-element elementor-element-342930a elementor-widget elementor-widget-text-editor\" data-id=\"342930a\" data-element_type=\"widget\" data-e-type=\"widget\" data-widget_type=\"text-editor.default\">\n\t\t\t\t<div class=\"elementor-widget-container\">\n\t\t\t\t\t\t\t\t\t<p>\u00a1Hola! Mi nombre es Mercedes Joglar.<\/p><p>Hace ya 5 a\u00f1os comenc\u00e9 un proyecto donde dise\u00f1o vestidos de embarazadas para sesiones de fotos; y hace un a\u00f1o sum\u00e9 los vestidos de embarazadas para ocasiones especiales.<br \/>O sea que me dedico a vestir el embarazo, o como me gusta decir a \u00abembellecer el embarazo\u00bb.<\/p><p>Durante el recorrido de Nueve Lunas Barcelona, presenci\u00e9 much\u00edsimas sesiones de fotos, donde asist\u00eda con el estilismo a los fot\u00f3grafos (eligiendo los looks y preparando a las embarazadas para brillar en el set).<br \/>Cada sesi\u00f3n eran tan \u00fanica, c\u00f3mo la mujer gestante que la protagonizaba. Entonces fue inevitable para mi que me calara hondo cada experiencia, observando c\u00f3mo se hablaba o se sent\u00eda la mujer.<\/p>\t\t\t\t\t\t\t\t<\/div>\n\t\t\t\t<\/div>\n\t\t\t\t<\/div>\n\t\t\t\t\t<\/div>\n\t\t\t\t<\/div>\n\t\t<div class=\"elementor-element elementor-element-ce369c7 e-flex e-con-boxed e-con e-parent\" data-id=\"ce369c7\" data-element_type=\"container\" data-e-type=\"container\" data-settings=\"{&quot;background_background&quot;:&quot;classic&quot;}\">\n\t\t\t\t\t<div class=\"e-con-inner\">\n\t\t<div class=\"elementor-element elementor-element-66c403e e-con-full e-flex e-con e-child\" data-id=\"66c403e\" data-element_type=\"container\" data-e-type=\"container\">\n\t\t\t\t<div class=\"elementor-element elementor-element-de2757f elementor-widget elementor-widget-image\" data-id=\"de2757f\" data-element_type=\"widget\" data-e-type=\"widget\" data-widget_type=\"image.default\">\n\t\t\t\t<div class=\"elementor-widget-container\">\n\t\t\t\t\t\t\t\t\t\t\t\t\t\t\t<img decoding=\"async\" width=\"640\" height=\"639\" src=\"https:\/\/cdn.shortpixel.ai\/stsp\/to_webp,q_lossy,ret_img\/https:\/\/embarazadasnuevelunas.com\/wp-content\/uploads\/2024\/03\/IMG_8344-WEB-1-01-1024x1022.jpeg\" class=\"attachment-large size-large wp-image-612\" alt=\"\" srcset=\"https:\/\/cdn.shortpixel.ai\/stsp\/to_webp,q_lossy,ret_img\/https:\/\/embarazadasnuevelunas.com\/wp-content\/uploads\/2024\/03\/IMG_8344-WEB-1-01-1024x1022.jpeg 1024w, https:\/\/cdn.shortpixel.ai\/stsp\/to_webp,q_lossy,ret_img\/https:\/\/embarazadasnuevelunas.com\/wp-content\/uploads\/2024\/03\/IMG_8344-WEB-1-01-300x299.jpeg 300w, https:\/\/cdn.shortpixel.ai\/stsp\/to_webp,q_lossy,ret_img\/https:\/\/embarazadasnuevelunas.com\/wp-content\/uploads\/2024\/03\/IMG_8344-WEB-1-01-150x150.jpeg 150w, https:\/\/cdn.shortpixel.ai\/stsp\/to_webp,q_lossy,ret_img\/https:\/\/embarazadasnuevelunas.com\/wp-content\/uploads\/2024\/03\/IMG_8344-WEB-1-01-768x767.jpeg 768w, https:\/\/cdn.shortpixel.ai\/stsp\/to_webp,q_lossy,ret_img\/https:\/\/embarazadasnuevelunas.com\/wp-content\/uploads\/2024\/03\/IMG_8344-WEB-1-01-1536x1533.jpeg 1536w, https:\/\/cdn.shortpixel.ai\/stsp\/to_webp,q_lossy,ret_img\/https:\/\/embarazadasnuevelunas.com\/wp-content\/uploads\/2024\/03\/IMG_8344-WEB-1-01-850x849.jpeg 850w, https:\/\/cdn.shortpixel.ai\/stsp\/to_webp,q_lossy,ret_img\/https:\/\/embarazadasnuevelunas.com\/wp-content\/uploads\/2024\/03\/IMG_8344-WEB-1-01.jpeg 1709w\" sizes=\"(max-width: 640px) 100vw, 640px\" \/>\t\t\t\t\t\t\t\t\t\t\t\t\t\t\t<\/div>\n\t\t\t\t<\/div>\n\t\t\t\t<\/div>\n\t\t<div class=\"elementor-element elementor-element-286a174 e-con-full e-flex e-con e-child\" data-id=\"286a174\" data-element_type=\"container\" data-e-type=\"container\">\n\t\t\t\t<div class=\"elementor-element elementor-element-5500761 elementor-widget elementor-widget-heading\" data-id=\"5500761\" data-element_type=\"widget\" data-e-type=\"widget\" data-widget_type=\"heading.default\">\n\t\t\t\t<div class=\"elementor-widget-container\">\n\t\t\t\t\t<h2 class=\"elementor-heading-title elementor-size-default\">El origen<\/h2>\t\t\t\t<\/div>\n\t\t\t\t<\/div>\n\t\t\t\t<div class=\"elementor-element elementor-element-8f12323 elementor-widget elementor-widget-text-editor\" data-id=\"8f12323\" data-element_type=\"widget\" data-e-type=\"widget\" data-widget_type=\"text-editor.default\">\n\t\t\t\t<div class=\"elementor-widget-container\">\n\t\t\t\t\t\t\t\t\t<p>Como ocurre siempre, el por qu\u00e9 hacemos las cosas (sobre todo un espacio comunitario como este) tiene el origen en nuestro interior.<\/p><p>Con cada experiencia que compart\u00eda con embarazadas, ve\u00eda con m\u00e1s claridad la incomodidad que surg\u00eda en la mayor\u00eda. En algunas era por su autoexigencia respecto a su imagen, en otras porque les costaba conectar con la sensualidad de mujer en su estado.<br \/>Entonces record\u00e9 a mi madre.<br \/>Yo siempre sent\u00ed que ella no disfrut\u00f3 de su embarazo, y que ten\u00eda una gran pelea en su interior entre ser mujer y ser madre.<br \/>Generalmente viv\u00eda en la polaridad de ser mujer, y le costaba contactar con la otra polaridad\u2026 y cuando lo hac\u00eda: caos!<\/p><p>Por eso, hoy que transito la gestaci\u00f3n de mi primer beb\u00e9 y lo vivo en carne propia\u2026 refuerzo la idea de que esas polaridades se pueden trabajar para llegar a un punto lo m\u00e1s equilibrado posible\u2026 raz\u00f3n que origina el nacimiento de la comunidad.<\/p>\t\t\t\t\t\t\t\t<\/div>\n\t\t\t\t<\/div>\n\t\t\t\t<\/div>\n\t\t\t\t\t<\/div>\n\t\t\t\t<\/div>\n\t\t<div class=\"elementor-element elementor-element-cb80d50 e-flex e-con-boxed e-con e-parent\" data-id=\"cb80d50\" data-element_type=\"container\" data-e-type=\"container\" data-settings=\"{&quot;background_background&quot;:&quot;classic&quot;}\">\n\t\t\t\t\t<div class=\"e-con-inner\">\n\t\t<div class=\"elementor-element elementor-element-eecb440 e-con-full e-flex e-con e-child\" data-id=\"eecb440\" data-element_type=\"container\" data-e-type=\"container\">\n\t\t\t\t<div class=\"elementor-element elementor-element-c199e5e elementor-widget elementor-widget-heading\" data-id=\"c199e5e\" data-element_type=\"widget\" data-e-type=\"widget\" data-widget_type=\"heading.default\">\n\t\t\t\t<div class=\"elementor-widget-container\">\n\t\t\t\t\t<h2 class=\"elementor-heading-title elementor-size-default\">Mi misi\u00f3n<\/h2>\t\t\t\t<\/div>\n\t\t\t\t<\/div>\n\t\t\t\t<div class=\"elementor-element elementor-element-cafeb5e elementor-widget__width-initial elementor-widget elementor-widget-text-editor\" data-id=\"cafeb5e\" data-element_type=\"widget\" data-e-type=\"widget\" data-widget_type=\"text-editor.default\">\n\t\t\t\t<div class=\"elementor-widget-container\">\n\t\t\t\t\t\t\t\t\t<p>Abrazar a la mujer que no sabe donde poner sus necesidades intr\u00ednsecas porque se siente mala madre, o porque finalmente no se cuida y eso termina pesando en la mirada a la maternidad, o porque no sabe gestionar la culpa que le genera la opini\u00f3n del entorno cuando se prioriza.<\/p><p>Y no es mi misi\u00f3n porque sepa c\u00f3mo hacerlo, sino porque estoy aprendiendo. Y porque s\u00ed s\u00e9 que en la gestaci\u00f3n, nuestros beb\u00e9s reciben todas nuestras emociones (+ o -) y que luego, cuando van creciendo, su mayor ense\u00f1anza es a trav\u00e9s de nuestro propio ejemplo\u2026 entonces si queremos que tengan una vida sana, coherente y feliz, primero tenemos que hacerlo con nuestras propias vidas.<\/p><p style=\"text-align: right;\"><em><strong>Michel Odent dijo que<br \/>\u00abpara cambiar el mundo hab\u00eda que cambiar la forma de nacer\u00bb\u2026 <br \/>y yo agrego que tambi\u00e9n hay que iluminar la forma de gestar.<\/strong><\/em><\/p>\t\t\t\t\t\t\t\t<\/div>\n\t\t\t\t<\/div>\n\t\t\t\t<\/div>\n\t\t<div class=\"elementor-element elementor-element-323fe25 e-con-full e-flex e-con e-child\" data-id=\"323fe25\" data-element_type=\"container\" data-e-type=\"container\">\n\t\t\t\t<div class=\"elementor-element elementor-element-ea9b6f8 elementor-widget elementor-widget-image\" data-id=\"ea9b6f8\" data-element_type=\"widget\" data-e-type=\"widget\" data-widget_type=\"image.default\">\n\t\t\t\t<div class=\"elementor-widget-container\">\n\t\t\t\t\t\t\t\t\t\t\t\t\t\t\t<img decoding=\"async\" width=\"640\" height=\"648\" src=\"https:\/\/cdn.shortpixel.ai\/stsp\/to_webp,q_lossy,ret_img\/https:\/\/embarazadasnuevelunas.com\/wp-content\/uploads\/2024\/03\/Cuidando-detalles-en-sesion-de-fotos-en-Equiland-Bs.-As.-Arg-scaled-e1712179792910-1011x1024.jpg\" class=\"attachment-large size-large wp-image-566\" alt=\"\" srcset=\"https:\/\/cdn.shortpixel.ai\/stsp\/to_webp,q_lossy,ret_img\/https:\/\/embarazadasnuevelunas.com\/wp-content\/uploads\/2024\/03\/Cuidando-detalles-en-sesion-de-fotos-en-Equiland-Bs.-As.-Arg-scaled-e1712179792910-1011x1024.jpg 1011w, https:\/\/cdn.shortpixel.ai\/stsp\/to_webp,q_lossy,ret_img\/https:\/\/embarazadasnuevelunas.com\/wp-content\/uploads\/2024\/03\/Cuidando-detalles-en-sesion-de-fotos-en-Equiland-Bs.-As.-Arg-scaled-e1712179792910-296x300.jpg 296w, https:\/\/cdn.shortpixel.ai\/stsp\/to_webp,q_lossy,ret_img\/https:\/\/embarazadasnuevelunas.com\/wp-content\/uploads\/2024\/03\/Cuidando-detalles-en-sesion-de-fotos-en-Equiland-Bs.-As.-Arg-scaled-e1712179792910-768x778.jpg 768w, https:\/\/cdn.shortpixel.ai\/stsp\/to_webp,q_lossy,ret_img\/https:\/\/embarazadasnuevelunas.com\/wp-content\/uploads\/2024\/03\/Cuidando-detalles-en-sesion-de-fotos-en-Equiland-Bs.-As.-Arg-scaled-e1712179792910-1516x1536.jpg 1516w, https:\/\/cdn.shortpixel.ai\/stsp\/to_webp,q_lossy,ret_img\/https:\/\/embarazadasnuevelunas.com\/wp-content\/uploads\/2024\/03\/Cuidando-detalles-en-sesion-de-fotos-en-Equiland-Bs.-As.-Arg-scaled-e1712179792910-300x304.jpg 300w, https:\/\/cdn.shortpixel.ai\/stsp\/to_webp,q_lossy,ret_img\/https:\/\/embarazadasnuevelunas.com\/wp-content\/uploads\/2024\/03\/Cuidando-detalles-en-sesion-de-fotos-en-Equiland-Bs.-As.-Arg-scaled-e1712179792910-850x861.jpg 850w, https:\/\/cdn.shortpixel.ai\/stsp\/to_webp,q_lossy,ret_img\/https:\/\/embarazadasnuevelunas.com\/wp-content\/uploads\/2024\/03\/Cuidando-detalles-en-sesion-de-fotos-en-Equiland-Bs.-As.-Arg-scaled-e1712179792910.jpg 1710w\" sizes=\"(max-width: 640px) 100vw, 640px\" \/>\t\t\t\t\t\t\t\t\t\t\t\t\t\t\t<\/div>\n\t\t\t\t<\/div>\n\t\t\t\t<\/div>\n\t\t\t\t\t<\/div>\n\t\t\t\t<\/div>\n\t\t\t\t<\/div>","protected":false},"excerpt":{"rendered":"<p>Mujer, te miro y te veo\u200b \u00a1Hola! Mi nombre es Mercedes Joglar. Hace ya 5&#8230;<\/p>","protected":false},"author":1,"featured_media":0,"parent":0,"menu_order":0,"comment_status":"closed","ping_status":"closed","template":"elementor_header_footer","meta":{"_eb_attr":"","footnotes":""},"class_list":["post-25","page","type-page","status-publish","hentry"],"_links":{"self":[{"href":"https:\/\/embarazadasnuevelunas.com\/en\/wp-json\/wp\/v2\/pages\/25","targetHints":{"allow":["GET"]}}],"collection":[{"href":"https:\/\/embarazadasnuevelunas.com\/en\/wp-json\/wp\/v2\/pages"}],"about":[{"href":"https:\/\/embarazadasnuevelunas.com\/en\/wp-json\/wp\/v2\/types\/page"}],"author":[{"embeddable":true,"href":"https:\/\/embarazadasnuevelunas.com\/en\/wp-json\/wp\/v2\/users\/1"}],"replies":[{"embeddable":true,"href":"https:\/\/embarazadasnuevelunas.com\/en\/wp-json\/wp\/v2\/comments?post=25"}],"version-history":[{"count":118,"href":"https:\/\/embarazadasnuevelunas.com\/en\/wp-json\/wp\/v2\/pages\/25\/revisions"}],"predecessor-version":[{"id":1381,"href":"https:\/\/embarazadasnuevelunas.com\/en\/wp-json\/wp\/v2\/pages\/25\/revisions\/1381"}],"wp:attachment":[{"href":"https:\/\/embarazadasnuevelunas.com\/en\/wp-json\/wp\/v2\/media?parent=25"}],"curies":[{"name":"wp","href":"https:\/\/api.w.org\/{rel}","templated":true}]}}