{"id":24,"date":"2024-03-22T09:35:57","date_gmt":"2024-03-22T09:35:57","guid":{"rendered":"https:\/\/embarazadasnuevelunas.com\/?page_id=24"},"modified":"2025-02-07T09:37:47","modified_gmt":"2025-02-07T09:37:47","slug":"eventos","status":"publish","type":"page","link":"https:\/\/embarazadasnuevelunas.com\/en\/eventos\/","title":{"rendered":"Eventos"},"content":{"rendered":"<div data-elementor-type=\"wp-page\" data-elementor-id=\"24\" class=\"elementor elementor-24\">\n\t\t\t\t<div class=\"elementor-element elementor-element-efc8835 e-flex e-con-boxed e-con e-parent\" data-id=\"efc8835\" data-element_type=\"container\" data-e-type=\"container\" data-settings=\"{&quot;background_background&quot;:&quot;classic&quot;}\">\n\t\t\t\t\t<div class=\"e-con-inner\">\n\t\t<div class=\"elementor-element elementor-element-d873b15 e-con-full e-flex e-con e-child\" data-id=\"d873b15\" data-element_type=\"container\" data-e-type=\"container\">\n\t\t\t\t<div class=\"elementor-element elementor-element-719edf5 elementor-widget elementor-widget-heading\" data-id=\"719edf5\" data-element_type=\"widget\" data-e-type=\"widget\" data-widget_type=\"heading.default\">\n\t\t\t\t<div class=\"elementor-widget-container\">\n\t\t\t\t\t<h2 class=\"elementor-heading-title elementor-size-default\">ME MIMO GESTANDO<\/h2>\t\t\t\t<\/div>\n\t\t\t\t<\/div>\n\t\t\t\t<div class=\"elementor-element elementor-element-58fe773 elementor-widget elementor-widget-heading\" data-id=\"58fe773\" data-element_type=\"widget\" data-e-type=\"widget\" data-widget_type=\"heading.default\">\n\t\t\t\t<div class=\"elementor-widget-container\">\n\t\t\t\t\t<h3 class=\"elementor-heading-title elementor-size-default\">Eventos presenciales para embarazadas<\/h3>\t\t\t\t<\/div>\n\t\t\t\t<\/div>\n\t\t\t\t<div class=\"elementor-element elementor-element-38fb57c elementor-widget elementor-widget-text-editor\" data-id=\"38fb57c\" data-element_type=\"widget\" data-e-type=\"widget\" data-widget_type=\"text-editor.default\">\n\t\t\t\t<div class=\"elementor-widget-container\">\n\t\t\t\t\t\t\t\t\t<p>Estos encuentros presenciales son la materializaci\u00f3n de la energ\u00eda de la comunidad online, con la misma misi\u00f3n: abrazar a la mujer gestante, con un abrazo hecho carne.<\/p><p>Tal como lo hacemos en Embarazadas Nueve Lunas, donde nos enfocamos en diferentes topics o tem\u00e1ticas, en cada evento tocaremos aspectos que consideramos importante nutrir, o recibir informaci\u00f3n y herramientas tanto en el \u00e1mbito de la belleza y autocuidado como en la salud emocional o f\u00edsica.<\/p><p>\u00a1Descubre los pr\u00f3ximos eventos y ven a compartir con la comunidad!.<\/p>\t\t\t\t\t\t\t\t<\/div>\n\t\t\t\t<\/div>\n\t\t\t\t<\/div>\n\t\t<div class=\"elementor-element elementor-element-cf160bf e-con-full e-flex e-con e-child\" data-id=\"cf160bf\" data-element_type=\"container\" data-e-type=\"container\">\n\t\t\t\t<div class=\"elementor-element elementor-element-c61449c elementor-widget elementor-widget-image\" data-id=\"c61449c\" data-element_type=\"widget\" data-e-type=\"widget\" data-widget_type=\"image.default\">\n\t\t\t\t<div class=\"elementor-widget-container\">\n\t\t\t\t\t\t\t\t\t\t\t\t\t\t\t<img fetchpriority=\"high\" decoding=\"async\" width=\"300\" height=\"300\" src=\"https:\/\/cdn.shortpixel.ai\/stsp\/to_webp,q_lossy,ret_img\/https:\/\/embarazadasnuevelunas.com\/wp-content\/uploads\/2024\/03\/cropped-03-Logo-circular.png-300x300.png\" class=\"attachment-medium size-medium wp-image-9\" alt=\"\" srcset=\"https:\/\/cdn.shortpixel.ai\/stsp\/to_webp,q_lossy,ret_img\/https:\/\/embarazadasnuevelunas.com\/wp-content\/uploads\/2024\/03\/cropped-03-Logo-circular.png-300x300.png 300w, https:\/\/cdn.shortpixel.ai\/stsp\/to_webp,q_lossy,ret_img\/https:\/\/embarazadasnuevelunas.com\/wp-content\/uploads\/2024\/03\/cropped-03-Logo-circular.png-1024x1024.png 1024w, https:\/\/cdn.shortpixel.ai\/stsp\/to_webp,q_lossy,ret_img\/https:\/\/embarazadasnuevelunas.com\/wp-content\/uploads\/2024\/03\/cropped-03-Logo-circular.png-150x150.png 150w, https:\/\/cdn.shortpixel.ai\/stsp\/to_webp,q_lossy,ret_img\/https:\/\/embarazadasnuevelunas.com\/wp-content\/uploads\/2024\/03\/cropped-03-Logo-circular.png-768x768.png 768w, https:\/\/cdn.shortpixel.ai\/stsp\/to_webp,q_lossy,ret_img\/https:\/\/embarazadasnuevelunas.com\/wp-content\/uploads\/2024\/03\/cropped-03-Logo-circular.png-1536x1536.png 1536w, https:\/\/cdn.shortpixel.ai\/stsp\/to_webp,q_lossy,ret_img\/https:\/\/embarazadasnuevelunas.com\/wp-content\/uploads\/2024\/03\/cropped-03-Logo-circular.png-2048x2048.png 2048w, https:\/\/cdn.shortpixel.ai\/stsp\/to_webp,q_lossy,ret_img\/https:\/\/embarazadasnuevelunas.com\/wp-content\/uploads\/2024\/03\/cropped-03-Logo-circular.png-850x850.png 850w\" sizes=\"(max-width: 300px) 100vw, 300px\" \/>\t\t\t\t\t\t\t\t\t\t\t\t\t\t\t<\/div>\n\t\t\t\t<\/div>\n\t\t\t\t<\/div>\n\t\t\t\t\t<\/div>\n\t\t\t\t<\/div>\n\t\t\t\t<section class=\"elementor-section elementor-top-section elementor-element elementor-element-77b97a6b elementor-section-boxed elementor-section-height-default elementor-section-height-default\" data-id=\"77b97a6b\" data-element_type=\"section\" data-e-type=\"section\" data-settings=\"{&quot;background_background&quot;:&quot;classic&quot;}\">\n\t\t\t\t\t\t<div class=\"elementor-container elementor-column-gap-default\">\n\t\t\t\t\t<div class=\"elementor-column elementor-col-100 elementor-top-column elementor-element elementor-element-732f8036\" data-id=\"732f8036\" data-element_type=\"column\" data-e-type=\"column\">\n\t\t\t<div class=\"elementor-widget-wrap elementor-element-populated\">\n\t\t\t\t\t\t<div class=\"elementor-element elementor-element-2771e8e4 elementor-widget elementor-widget-heading\" data-id=\"2771e8e4\" data-element_type=\"widget\" data-e-type=\"widget\" data-widget_type=\"heading.default\">\n\t\t\t\t<div class=\"elementor-widget-container\">\n\t\t\t\t\t<h2 class=\"elementor-heading-title elementor-size-default\">Eventos<\/h2>\t\t\t\t<\/div>\n\t\t\t\t<\/div>\n\t\t\t\t\t<\/div>\n\t\t<\/div>\n\t\t\t\t\t<\/div>\n\t\t<\/section>\n\t\t<div class=\"elementor-element elementor-element-6b5694b e-flex e-con-boxed e-con e-parent\" data-id=\"6b5694b\" data-element_type=\"container\" data-e-type=\"container\" data-settings=\"{&quot;background_background&quot;:&quot;classic&quot;}\">\n\t\t\t\t\t<div class=\"e-con-inner\">\n\t\t\t\t<div class=\"elementor-element elementor-element-bca8d84 elementor-widget elementor-widget-shortcode\" data-id=\"bca8d84\" data-element_type=\"widget\" data-e-type=\"widget\" data-widget_type=\"shortcode.default\">\n\t\t\t\t<div class=\"elementor-widget-container\">\n\t\t\t\t\t\t\t<div class=\"elementor-shortcode\">\t\t<div class=\"iee_archive row_grid\" data-paged=\"1\" data-shortcode=\"{&quot;col&quot;:3,&quot;past_events&quot;:&quot;yes&quot;,&quot;order&quot;:&quot;ASC&quot;,&quot;start_date&quot;:&quot;DD-MM-YYYY&quot;,&quot;end_date&quot;:&quot;DD-MM-YYYY&quot;,&quot;paged&quot;:1,&quot;posts_per_page&quot;:&quot;&quot;,&quot;ajaxpagi&quot;:&quot;no&quot;,&quot;layout&quot;:&quot;style1&quot;,&quot;orderby&quot;:&quot;&quot;}\" >\n\t\t\t<a href=\"https:\/\/embarazadasnuevelunas.com\/en\/eventbrite-event\/me-mimo-gestando-edicion-placenta-querida-gracias\/\" >\t\n\t<div class=\"col-iee-md-4 archive-event post-1128 eventbrite_events type-eventbrite_events status-publish has-post-thumbnail hentry\">\n\t\t<div class=\"iee_event\" >\n\t\t\t<div class=\"img_placeholder\" style=\" background: url('https:\/\/cdn.shortpixel.ai\/stsp\/to_webp,q_lossy,ret_img\/https:\/\/embarazadasnuevelunas.com\/wp-content\/uploads\/2025\/02\/1128_image.png') no-repeat left top;\"><\/div>\n\t\t\t<div class=\"event_details\">\n\t\t\t\t<div class=\"event_date\">\n\t\t\t\t\t<span class=\"month\">Apr<\/span>\n\t\t\t\t\t<span class=\"date\"> 05 <\/span>\n\t\t\t\t<\/div>\n\t\t\t\t<div class=\"event_desc\">\n\t\t\t\t\t<a href=\"https:\/\/embarazadasnuevelunas.com\/en\/eventbrite-event\/me-mimo-gestando-edicion-placenta-querida-gracias\/\" rel=\"bookmark\">\n\t\t\t\t\t<div class=\"event_title\">Me Mimo Gestando, edici\u00f3n: \u00abPlacenta Querida, Gracias!\u00bb<\/div>\t\t\t\t\t<\/a>\n\t\t\t\t\t\t\t\t\t\t\t<div class=\"event_address\"><i class=\"fa fa-map-marker\"><\/i>  Raconet Meraki - 6-8 Carrer de Llu\u00eds Dom\u00e8nech i Montaner, 08940 Cornell\u00e0 de Llobregat<\/div>\n\t\t\t\t\t\t\t\t\t<\/div>\n\t\t\t\t<div style=\"clear: both\"><\/div>\n\t\t\t<\/div>\n\t\t<\/div>\n\t<\/div>\n<\/a>\n<a href=\"https:\/\/embarazadasnuevelunas.com\/en\/eventbrite-event\/me-mimo-gestando-edicion-el-circulo\/\" >\t\n\t<div class=\"col-iee-md-4 archive-event post-1131 eventbrite_events type-eventbrite_events status-publish has-post-thumbnail hentry\">\n\t\t<div class=\"iee_event\" >\n\t\t\t<div class=\"img_placeholder\" style=\" background: url('https:\/\/cdn.shortpixel.ai\/stsp\/to_webp,q_lossy,ret_img\/https:\/\/embarazadasnuevelunas.com\/wp-content\/uploads\/2025\/02\/1131_image.png') no-repeat left top;\"><\/div>\n\t\t\t<div class=\"event_details\">\n\t\t\t\t<div class=\"event_date\">\n\t\t\t\t\t<span class=\"month\">Apr<\/span>\n\t\t\t\t\t<span class=\"date\"> 26 <\/span>\n\t\t\t\t<\/div>\n\t\t\t\t<div class=\"event_desc\">\n\t\t\t\t\t<a href=\"https:\/\/embarazadasnuevelunas.com\/en\/eventbrite-event\/me-mimo-gestando-edicion-el-circulo\/\" rel=\"bookmark\">\n\t\t\t\t\t<div class=\"event_title\">Me Mimo Gestando, edici\u00f3n \u00abEL C\u00cdRCULO\u00bb<\/div>\t\t\t\t\t<\/a>\n\t\t\t\t\t\t\t\t\t\t\t<div class=\"event_address\"><i class=\"fa fa-map-marker\"><\/i>  Somriure - 48 Carrer de la Ind\u00fastria, 08025 Barcelona<\/div>\n\t\t\t\t\t\t\t\t\t<\/div>\n\t\t\t\t<div style=\"clear: both\"><\/div>\n\t\t\t<\/div>\n\t\t<\/div>\n\t<\/div>\n<\/a>\n<a href=\"https:\/\/embarazadasnuevelunas.com\/en\/eventbrite-event\/me-mimo-gestando-edicion-abrazando-mis-emociones\/\" >\t\n\t<div class=\"col-iee-md-4 archive-event post-1134 eventbrite_events type-eventbrite_events status-publish has-post-thumbnail hentry\">\n\t\t<div class=\"iee_event\" >\n\t\t\t<div class=\"img_placeholder\" style=\" background: url('https:\/\/cdn.shortpixel.ai\/stsp\/to_webp,q_lossy,ret_img\/https:\/\/embarazadasnuevelunas.com\/wp-content\/uploads\/2025\/01\/1112_image.png') no-repeat left top;\"><\/div>\n\t\t\t<div class=\"event_details\">\n\t\t\t\t<div class=\"event_date\">\n\t\t\t\t\t<span class=\"month\">May<\/span>\n\t\t\t\t\t<span class=\"date\"> 03 <\/span>\n\t\t\t\t<\/div>\n\t\t\t\t<div class=\"event_desc\">\n\t\t\t\t\t<a href=\"https:\/\/embarazadasnuevelunas.com\/en\/eventbrite-event\/me-mimo-gestando-edicion-abrazando-mis-emociones\/\" rel=\"bookmark\">\n\t\t\t\t\t<div class=\"event_title\">Me Mimo Gestando, edici\u00f3n \u00abAbrazando mis emociones\u00bb<\/div>\t\t\t\t\t<\/a>\n\t\t\t\t\t\t\t\t\t\t\t<div class=\"event_address\"><i class=\"fa fa-map-marker\"><\/i>  ESPAI NERAIDA - 7 Cam\u00ed del Transformador #B local A, 08394 Sant Vicen\u00e7 de Montalt<\/div>\n\t\t\t\t\t\t\t\t\t<\/div>\n\t\t\t\t<div style=\"clear: both\"><\/div>\n\t\t\t<\/div>\n\t\t<\/div>\n\t<\/div>\n<\/a>\n<a href=\"https:\/\/embarazadasnuevelunas.com\/en\/eventbrite-event\/soy-mujer-soy-madre-soy-magica-flashmob\/\" >\t\n\t<div class=\"col-iee-md-4 archive-event post-1188 eventbrite_events type-eventbrite_events status-publish has-post-thumbnail hentry\">\n\t\t<div class=\"iee_event\" >\n\t\t\t<div class=\"img_placeholder\" style=\" background: url('https:\/\/cdn.shortpixel.ai\/stsp\/to_webp,q_lossy,ret_img\/https:\/\/embarazadasnuevelunas.com\/wp-content\/uploads\/2025\/03\/1188_image.jpg') no-repeat left top;\"><\/div>\n\t\t\t<div class=\"event_details\">\n\t\t\t\t<div class=\"event_date\">\n\t\t\t\t\t<span class=\"month\">May<\/span>\n\t\t\t\t\t<span class=\"date\"> 11 <\/span>\n\t\t\t\t<\/div>\n\t\t\t\t<div class=\"event_desc\">\n\t\t\t\t\t<a href=\"https:\/\/embarazadasnuevelunas.com\/en\/eventbrite-event\/soy-mujer-soy-madre-soy-magica-flashmob\/\" rel=\"bookmark\">\n\t\t\t\t\t<div class=\"event_title\">\u00abSoy Mujer, Soy Madre, Soy M\u00e1gica\u00bb Flashmob<\/div>\t\t\t\t\t<\/a>\n\t\t\t\t\t\t\t\t\t\t\t<div class=\"event_address\"><i class=\"fa fa-map-marker\"><\/i>  Parque de la Estaci\u00f3n del Norte - Parque de la Estaci\u00f3n del Norte, 08018 Barcelona<\/div>\n\t\t\t\t\t\t\t\t\t<\/div>\n\t\t\t\t<div style=\"clear: both\"><\/div>\n\t\t\t<\/div>\n\t\t<\/div>\n\t<\/div>\n<\/a>\n<a href=\"https:\/\/embarazadasnuevelunas.com\/en\/eventbrite-event\/me-mimo-gestando-edicion-un-nido-consciente\/\" >\t\n\t<div class=\"col-iee-md-4 archive-event post-1136 eventbrite_events type-eventbrite_events status-publish has-post-thumbnail hentry\">\n\t\t<div class=\"iee_event\" >\n\t\t\t<div class=\"img_placeholder\" style=\" background: url('https:\/\/cdn.shortpixel.ai\/stsp\/to_webp,q_lossy,ret_img\/https:\/\/embarazadasnuevelunas.com\/wp-content\/uploads\/2025\/02\/1136_image.png') no-repeat left top;\"><\/div>\n\t\t\t<div class=\"event_details\">\n\t\t\t\t<div class=\"event_date\">\n\t\t\t\t\t<span class=\"month\">May<\/span>\n\t\t\t\t\t<span class=\"date\"> 24 <\/span>\n\t\t\t\t<\/div>\n\t\t\t\t<div class=\"event_desc\">\n\t\t\t\t\t<a href=\"https:\/\/embarazadasnuevelunas.com\/en\/eventbrite-event\/me-mimo-gestando-edicion-un-nido-consciente\/\" rel=\"bookmark\">\n\t\t\t\t\t<div class=\"event_title\">Me Mimo Gestando, edici\u00f3n: \u00abUn nido consciente\u00bb<\/div>\t\t\t\t\t<\/a>\n\t\t\t\t\t\t\t\t\t\t\t<div class=\"event_address\"><i class=\"fa fa-map-marker\"><\/i>  ESPAI NERAIDA - 7 Cam\u00ed del Transformador #B local A, 08394 Sant Vicen\u00e7 de Montalt<\/div>\n\t\t\t\t\t\t\t\t\t<\/div>\n\t\t\t\t<div style=\"clear: both\"><\/div>\n\t\t\t<\/div>\n\t\t<\/div>\n\t<\/div>\n<\/a>\n<a href=\"https:\/\/embarazadasnuevelunas.com\/en\/eventbrite-event\/me-mimo-gestando-edicion-al-parto-juntos\/\" >\t\n\t<div class=\"col-iee-md-4 archive-event post-1140 eventbrite_events type-eventbrite_events status-publish has-post-thumbnail hentry\">\n\t\t<div class=\"iee_event\" >\n\t\t\t<div class=\"img_placeholder\" style=\" background: url('https:\/\/cdn.shortpixel.ai\/stsp\/to_webp,q_lossy,ret_img\/https:\/\/embarazadasnuevelunas.com\/wp-content\/uploads\/2025\/02\/1140_image.jpg') no-repeat left top;\"><\/div>\n\t\t\t<div class=\"event_details\">\n\t\t\t\t<div class=\"event_date\">\n\t\t\t\t\t<span class=\"month\">May<\/span>\n\t\t\t\t\t<span class=\"date\"> 31 <\/span>\n\t\t\t\t<\/div>\n\t\t\t\t<div class=\"event_desc\">\n\t\t\t\t\t<a href=\"https:\/\/embarazadasnuevelunas.com\/en\/eventbrite-event\/me-mimo-gestando-edicion-al-parto-juntos\/\" rel=\"bookmark\">\n\t\t\t\t\t<div class=\"event_title\">Me Mimo Gestando, edici\u00f3n: \u00abAl parto, juntos!\u00bb<\/div>\t\t\t\t\t<\/a>\n\t\t\t\t\t\t\t\t\t\t\t<div class=\"event_address\"><i class=\"fa fa-map-marker\"><\/i>  ESPAI NERAIDA - 7 Cam\u00ed del Transformador #B local A, 08394 Sant Vicen\u00e7 de Montalt<\/div>\n\t\t\t\t\t\t\t\t\t<\/div>\n\t\t\t\t<div style=\"clear: both\"><\/div>\n\t\t\t<\/div>\n\t\t<\/div>\n\t<\/div>\n<\/a>\n<a href=\"https:\/\/embarazadasnuevelunas.com\/en\/eventbrite-event\/me-mimo-gestando-edicion-entre-mares\/\" >\t\n\t<div class=\"col-iee-md-4 archive-event post-1144 eventbrite_events type-eventbrite_events status-publish has-post-thumbnail hentry\">\n\t\t<div class=\"iee_event\" >\n\t\t\t<div class=\"img_placeholder\" style=\" background: url('https:\/\/cdn.shortpixel.ai\/stsp\/to_webp,q_lossy,ret_img\/https:\/\/embarazadasnuevelunas.com\/wp-content\/uploads\/2025\/01\/1115_image.jpg') no-repeat left top;\"><\/div>\n\t\t\t<div class=\"event_details\">\n\t\t\t\t<div class=\"event_date\">\n\t\t\t\t\t<span class=\"month\">Jul<\/span>\n\t\t\t\t\t<span class=\"date\"> 19 <\/span>\n\t\t\t\t<\/div>\n\t\t\t\t<div class=\"event_desc\">\n\t\t\t\t\t<a href=\"https:\/\/embarazadasnuevelunas.com\/en\/eventbrite-event\/me-mimo-gestando-edicion-entre-mares\/\" rel=\"bookmark\">\n\t\t\t\t\t<div class=\"event_title\">Me Mimo Gestando, edici\u00f3n: \u00abEntre MARes\u00bb<\/div>\t\t\t\t\t<\/a>\n\t\t\t\t\t\t\t\t\t\t\t<div class=\"event_address\"><i class=\"fa fa-map-marker\"><\/i>  Castelldefels - Castelldefels, Castelldefels<\/div>\n\t\t\t\t\t\t\t\t\t<\/div>\n\t\t\t\t<div style=\"clear: both\"><\/div>\n\t\t\t<\/div>\n\t\t<\/div>\n\t<\/div>\n<\/a>\n\t\t\t\t\t<\/div>\n\t\t<style type=\"text\/css\">\n\t\t\t.iee_archive .iee_event .event_date{\n\t\t\t    background-color: #c09099;\n\t\t\t}\n\t\t\t.iee_archive .iee_event .event_desc .event_title{\n\t\t\t    color: #c09099;\n\t\t\t}\n\t\t\t.iee-style4-main-div > div::before {\n\t\t\t\tbackground-color: #c09099;\n      }\n\t\t\t.iee-event-count, .iee-event-meta > div, .iee-event-meta > div i, .iee-event-info h4 a:hover {\n\t\t\t\tcolor: #c09099;\n\t\t\t}\n\t\t\t.iee-theme-btn{\n\t\t\t\tbackground: #c09099;\n\t\t\t}\n\t\t<\/style>\n\t\t<\/div>\n\t\t\t\t\t\t<\/div>\n\t\t\t\t<\/div>\n\t\t\t\t\t<\/div>\n\t\t\t\t<\/div>\n\t\t\t\t<\/div>","protected":false},"excerpt":{"rendered":"<p>ME MIMO GESTANDO Eventos presenciales para embarazadas Estos encuentros presenciales son la materializaci\u00f3n de la&#8230;<\/p>","protected":false},"author":1,"featured_media":0,"parent":0,"menu_order":0,"comment_status":"closed","ping_status":"closed","template":"elementor_header_footer","meta":{"_eb_attr":"","footnotes":""},"class_list":["post-24","page","type-page","status-publish","hentry"],"_links":{"self":[{"href":"https:\/\/embarazadasnuevelunas.com\/en\/wp-json\/wp\/v2\/pages\/24","targetHints":{"allow":["GET"]}}],"collection":[{"href":"https:\/\/embarazadasnuevelunas.com\/en\/wp-json\/wp\/v2\/pages"}],"about":[{"href":"https:\/\/embarazadasnuevelunas.com\/en\/wp-json\/wp\/v2\/types\/page"}],"author":[{"embeddable":true,"href":"https:\/\/embarazadasnuevelunas.com\/en\/wp-json\/wp\/v2\/users\/1"}],"replies":[{"embeddable":true,"href":"https:\/\/embarazadasnuevelunas.com\/en\/wp-json\/wp\/v2\/comments?post=24"}],"version-history":[{"count":58,"href":"https:\/\/embarazadasnuevelunas.com\/en\/wp-json\/wp\/v2\/pages\/24\/revisions"}],"predecessor-version":[{"id":1162,"href":"https:\/\/embarazadasnuevelunas.com\/en\/wp-json\/wp\/v2\/pages\/24\/revisions\/1162"}],"wp:attachment":[{"href":"https:\/\/embarazadasnuevelunas.com\/en\/wp-json\/wp\/v2\/media?parent=24"}],"curies":[{"name":"wp","href":"https:\/\/api.w.org\/{rel}","templated":true}]}}