{"id":2,"date":"2024-03-18T10:22:52","date_gmt":"2024-03-18T10:22:52","guid":{"rendered":"https:\/\/embarazadasnuevelunas.com\/?page_id=2"},"modified":"2025-05-17T17:02:43","modified_gmt":"2025-05-17T17:02:43","slug":"blog","status":"publish","type":"page","link":"https:\/\/embarazadasnuevelunas.com\/en\/blog\/","title":{"rendered":"Blog"},"content":{"rendered":"<div data-elementor-type=\"wp-page\" data-elementor-id=\"2\" class=\"elementor elementor-2\">\n\t\t\t\t<div class=\"elementor-element elementor-element-21b5ac5 e-flex e-con-boxed e-con e-parent\" data-id=\"21b5ac5\" data-element_type=\"container\" data-e-type=\"container\">\n\t\t\t\t\t<div class=\"e-con-inner\">\n\t\t\t\t<div class=\"elementor-element elementor-element-8f7c998 elementor-widget elementor-widget-heading\" data-id=\"8f7c998\" data-element_type=\"widget\" data-e-type=\"widget\" data-widget_type=\"heading.default\">\n\t\t\t\t<div class=\"elementor-widget-container\">\n\t\t\t\t\t<h1 class=\"elementor-heading-title elementor-size-default\">Blog<\/h1>\t\t\t\t<\/div>\n\t\t\t\t<\/div>\n\t\t\t\t\t<\/div>\n\t\t\t\t<\/div>\n\t\t<div class=\"elementor-element elementor-element-bf396ca e-flex e-con-boxed e-con e-parent\" data-id=\"bf396ca\" data-element_type=\"container\" data-e-type=\"container\">\n\t\t\t\t\t<div class=\"e-con-inner\">\n\t\t\t\t<div class=\"elementor-element elementor-element-953e7ce elementor-widget elementor-widget-text-editor\" data-id=\"953e7ce\" data-element_type=\"widget\" data-e-type=\"widget\" data-widget_type=\"text-editor.default\">\n\t\t\t\t<div class=\"elementor-widget-container\">\n\t\t\t\t\t\t\t\t\t<p>Encuentra contenido seg\u00fan estas categor\u00edas<\/p>\t\t\t\t\t\t\t\t<\/div>\n\t\t\t\t<\/div>\n\t\t\t\t\t<\/div>\n\t\t\t\t<\/div>\n\t\t<div class=\"elementor-element elementor-element-176ff38 e-grid e-con-boxed e-con e-parent\" data-id=\"176ff38\" data-element_type=\"container\" data-e-type=\"container\">\n\t\t\t\t\t<div class=\"e-con-inner\">\n\t\t\t\t<div class=\"elementor-element elementor-element-798e842 elementor-widget elementor-widget-text-editor\" data-id=\"798e842\" data-element_type=\"widget\" data-e-type=\"widget\" data-widget_type=\"text-editor.default\">\n\t\t\t\t<div class=\"elementor-widget-container\">\n\t\t\t\t\t\t\t\t\t<a href=\"https:\/\/embarazadasnuevelunas.com\/en\/category\/autocuidados_en_la_gestacion\/\">Autocuidados en la gestaci\u00f3n<\/a>\t\t\t\t\t\t\t\t<\/div>\n\t\t\t\t<\/div>\n\t\t\t\t<div class=\"elementor-element elementor-element-f2ee633 elementor-widget elementor-widget-text-editor\" data-id=\"f2ee633\" data-element_type=\"widget\" data-e-type=\"widget\" data-widget_type=\"text-editor.default\">\n\t\t\t\t<div class=\"elementor-widget-container\">\n\t\t\t\t\t\t\t\t\t<a href=\"https:\/\/embarazadasnuevelunas.com\/en\/category\/belleza_para_embarazadas\/\">Belleza para Embarazadas<\/a>\t\t\t\t\t\t\t\t<\/div>\n\t\t\t\t<\/div>\n\t\t\t\t<div class=\"elementor-element elementor-element-c08ed42 elementor-widget elementor-widget-text-editor\" data-id=\"c08ed42\" data-element_type=\"widget\" data-e-type=\"widget\" data-widget_type=\"text-editor.default\">\n\t\t\t\t<div class=\"elementor-widget-container\">\n\t\t\t\t\t\t\t\t\t<a href=\"https:\/\/embarazadasnuevelunas.com\/en\/category\/imagen_personal_para_embarazadas\/\">Imagen Personal para Embarazadas <\/a>\t\t\t\t\t\t\t\t<\/div>\n\t\t\t\t<\/div>\n\t\t\t\t<div class=\"elementor-element elementor-element-b4d8d27 elementor-widget elementor-widget-text-editor\" data-id=\"b4d8d27\" data-element_type=\"widget\" data-e-type=\"widget\" data-widget_type=\"text-editor.default\">\n\t\t\t\t<div class=\"elementor-widget-container\">\n\t\t\t\t\t\t\t\t\t<a href=\"https:\/\/embarazadasnuevelunas.com\/en\/category\/salud_emocional_en_embarazadas\/\">Salud Emocional en Embarazadas<\/a>\t\t\t\t\t\t\t\t<\/div>\n\t\t\t\t<\/div>\n\t\t\t\t<div class=\"elementor-element elementor-element-05cc0bc elementor-widget elementor-widget-text-editor\" data-id=\"05cc0bc\" data-element_type=\"widget\" data-e-type=\"widget\" data-widget_type=\"text-editor.default\">\n\t\t\t\t<div class=\"elementor-widget-container\">\n\t\t\t\t\t\t\t\t\t<a href=\"https:\/\/embarazadasnuevelunas.com\/en\/category\/salud_fisica_en_embarazadas\/\">Salud F\u00edsica en Embarazadas<\/a>\t\t\t\t\t\t\t\t<\/div>\n\t\t\t\t<\/div>\n\t\t\t\t<div class=\"elementor-element elementor-element-81775df elementor-widget elementor-widget-text-editor\" data-id=\"81775df\" data-element_type=\"widget\" data-e-type=\"widget\" data-widget_type=\"text-editor.default\">\n\t\t\t\t<div class=\"elementor-widget-container\">\n\t\t\t\t\t\t\t\t\t<a href=\"https:\/\/embarazadasnuevelunas.com\/en\/category\/salud_mental_en_embarazadas\/\">Salud Mental en Embarazadas<\/a>\t\t\t\t\t\t\t\t<\/div>\n\t\t\t\t<\/div>\n\t\t\t\t\t<\/div>\n\t\t\t\t<\/div>\n\t\t<div class=\"elementor-element elementor-element-6a4b710 e-con-full e-flex e-con e-parent\" data-id=\"6a4b710\" data-element_type=\"container\" data-e-type=\"container\">\n\t\t\t\t<div class=\"elementor-element elementor-element-6d21e43 elementor-grid-eael-col-3 elementor-grid-tablet-eael-col-2 elementor-grid-mobile-eael-col-1 elementor-widget elementor-widget-eael-post-grid\" data-id=\"6d21e43\" data-element_type=\"widget\" data-e-type=\"widget\" data-settings=\"{&quot;eael_post_grid_columns&quot;:&quot;eael-col-3&quot;,&quot;eael_post_grid_columns_tablet&quot;:&quot;eael-col-2&quot;,&quot;eael_post_grid_columns_mobile&quot;:&quot;eael-col-1&quot;}\" data-widget_type=\"eael-post-grid.default\">\n\t\t\t\t<div class=\"elementor-widget-container\">\n\t\t\t\t\t<div id=\"eael-post-grid-6d21e43\" class=\"eael-post-grid-container\">\n            <div class=\"eael-post-grid eael-post-appender eael-post-appender-6d21e43 eael-post-grid-style-two\" data-layout-mode=\"grid\"><article class=\"eael-grid-post  eael-post-grid-column eael-pg-post-1292 category-autocuidados_en_la_gestacion\" data-id=\"1292\">\n    <div class=\"eael-grid-post-holder\">\n        <div class=\"eael-grid-post-holder-inner\"><div class=\"eael-entry-media\"><ul class=\"post-carousel-categories\"><li><a href=\"https:\/\/embarazadasnuevelunas.com\/en\/category\/autocuidados_en_la_gestacion\/\">Autocuidados en la gestaci\u00f3n<\/a><\/li><\/ul><div class=\"eael-entry-overlay fade-in\"><i class=\"\" aria-hidden=\"true\"><\/i><a href=\"https:\/\/embarazadasnuevelunas.com\/en\/test-blog-post\/\"><\/a><\/div><div class=\"eael-entry-thumbnail\">\n                            <img fetchpriority=\"high\" decoding=\"async\" width=\"350\" height=\"230\" src=\"https:\/\/cdn.shortpixel.ai\/stsp\/to_webp,q_lossy,ret_img\/https:\/\/embarazadasnuevelunas.com\/wp-content\/uploads\/2024\/03\/pexels-apostolos-vamvouras-6892760-350x230.jpg\" class=\"attachment-superb-pixels-grid size-superb-pixels-grid wp-image-404\" alt=\"\" \/>\n                            <\/div>\n                    <\/div><div class=\"eael-entry-wrapper\"><header class=\"eael-entry-header\"><h1 class=\"eael-entry-title\"><a class=\"eael-grid-post-link\" href=\"https:\/\/embarazadasnuevelunas.com\/en\/test-blog-post\/\" title=\"Test Blog Post\">Test Blog Post<\/a><\/h1><\/header><div class=\"eael-entry-content\">\n                                <div class=\"eael-grid-post-excerpt\"><p>Lorem ipsum dolor sit amet, consectetur adipiscing elit. Donec eget...<\/p><a href=\"https:\/\/embarazadasnuevelunas.com\/en\/test-blog-post\/\" class=\"eael-post-elements-readmore-btn\">Leer m\u00e1s<\/a><\/div>\n                            <\/div><div class=\"eael-entry-header-after style-two\"><div class=\"eael-entry-meta\"><span class=\"eael-meta-posted-on\"><i class=\"far fa-clock\"><\/i><time datetime=\"May 17, 2025\">May 17, 2025<\/time><\/span><ul class=\"post-meta-categories\"><li class=\"meta-cat-icon\"><i class=\"far fa-folder-open\"><\/i><\/li><li><a href=\"https:\/\/embarazadasnuevelunas.com\/en\/category\/autocuidados_en_la_gestacion\/\">Autocuidados en la gestaci\u00f3n <\/a><\/li><\/ul><\/div><\/div><\/div><\/div>\n    <\/div>\n<\/article><article class=\"eael-grid-post  eael-post-grid-column eael-pg-post-1075 category-belleza_para_embarazadas\" data-id=\"1075\">\n    <div class=\"eael-grid-post-holder\">\n        <div class=\"eael-grid-post-holder-inner\"><div class=\"eael-entry-media\"><ul class=\"post-carousel-categories\"><li><a href=\"https:\/\/embarazadasnuevelunas.com\/en\/category\/belleza_para_embarazadas\/\">Belleza para Embarazadas<\/a><\/li><\/ul><div class=\"eael-entry-overlay fade-in\"><i class=\"\" aria-hidden=\"true\"><\/i><a href=\"https:\/\/embarazadasnuevelunas.com\/en\/la-guia-definitiva-de-belleza-para-mujeres-gestantes-productos-seguros-y-alternativas-naturales\/\"><\/a><\/div><div class=\"eael-entry-thumbnail\">\n                            <img decoding=\"async\" width=\"350\" height=\"230\" src=\"https:\/\/cdn.shortpixel.ai\/stsp\/to_webp,q_lossy,ret_img\/https:\/\/embarazadasnuevelunas.com\/wp-content\/uploads\/2024\/04\/pexels-yan-krukau-7011214-scaled-e1712144282787-350x230.jpg\" class=\"attachment-superb-pixels-grid size-superb-pixels-grid wp-image-865\" alt=\"\" \/>\n                            <\/div>\n                    <\/div><div class=\"eael-entry-wrapper\"><header class=\"eael-entry-header\"><h1 class=\"eael-entry-title\"><a class=\"eael-grid-post-link\" href=\"https:\/\/embarazadasnuevelunas.com\/en\/la-guia-definitiva-de-belleza-para-mujeres-gestantes-productos-seguros-y-alternativas-naturales\/\" title=\"La Gu\u00eda Definitiva de Belleza para Mujeres Gestantes: Productos Seguros y Alternativas Naturales\">La Gu\u00eda Definitiva de Belleza<\/a><\/h1><\/header><div class=\"eael-entry-content\">\n                                <div class=\"eael-grid-post-excerpt\"><p>mayo 13, 2025 admin 2:59 pm \u00bfQu\u00e9 productos puedo usar...<\/p><a href=\"https:\/\/embarazadasnuevelunas.com\/en\/la-guia-definitiva-de-belleza-para-mujeres-gestantes-productos-seguros-y-alternativas-naturales\/\" class=\"eael-post-elements-readmore-btn\">Leer m\u00e1s<\/a><\/div>\n                            <\/div><div class=\"eael-entry-header-after style-two\"><div class=\"eael-entry-meta\"><span class=\"eael-meta-posted-on\"><i class=\"far fa-clock\"><\/i><time datetime=\"May 13, 2025\">May 13, 2025<\/time><\/span><ul class=\"post-meta-categories\"><li class=\"meta-cat-icon\"><i class=\"far fa-folder-open\"><\/i><\/li><li><a href=\"https:\/\/embarazadasnuevelunas.com\/en\/category\/belleza_para_embarazadas\/\">Belleza para Embarazadas <\/a><\/li><\/ul><\/div><\/div><\/div><\/div>\n    <\/div>\n<\/article><article class=\"eael-grid-post  eael-post-grid-column eael-pg-post-1 category-belleza_para_embarazadas\" data-id=\"1\">\n    <div class=\"eael-grid-post-holder\">\n        <div class=\"eael-grid-post-holder-inner\"><div class=\"eael-entry-media\"><ul class=\"post-carousel-categories\"><li><a href=\"https:\/\/embarazadasnuevelunas.com\/en\/category\/belleza_para_embarazadas\/\">Belleza para Embarazadas<\/a><\/li><\/ul><div class=\"eael-entry-overlay fade-in\"><i class=\"\" aria-hidden=\"true\"><\/i><a href=\"https:\/\/embarazadasnuevelunas.com\/en\/hello-world\/\"><\/a><\/div><div class=\"eael-entry-thumbnail\">\n                            <img decoding=\"async\" width=\"350\" height=\"230\" src=\"https:\/\/cdn.shortpixel.ai\/stsp\/to_webp,q_lossy,ret_img\/https:\/\/embarazadasnuevelunas.com\/wp-content\/uploads\/2024\/04\/pexels-shvets-production-6991894-350x230.jpg\" class=\"attachment-superb-pixels-grid size-superb-pixels-grid wp-image-873\" alt=\"\" \/>\n                            <\/div>\n                    <\/div><div class=\"eael-entry-wrapper\"><header class=\"eael-entry-header\"><h1 class=\"eael-entry-title\"><a class=\"eael-grid-post-link\" href=\"https:\/\/embarazadasnuevelunas.com\/en\/hello-world\/\" title=\"Hello world!\">Hello world!<\/a><\/h1><\/header><div class=\"eael-entry-content\">\n                                <div class=\"eael-grid-post-excerpt\"><p>Welcome to WordPress. This is your first post. Edit or...<\/p><a href=\"https:\/\/embarazadasnuevelunas.com\/en\/hello-world\/\" class=\"eael-post-elements-readmore-btn\">Leer m\u00e1s<\/a><\/div>\n                            <\/div><div class=\"eael-entry-header-after style-two\"><div class=\"eael-entry-meta\"><span class=\"eael-meta-posted-on\"><i class=\"far fa-clock\"><\/i><time datetime=\"March 18, 2024\">March 18, 2024<\/time><\/span><ul class=\"post-meta-categories\"><li class=\"meta-cat-icon\"><i class=\"far fa-folder-open\"><\/i><\/li><li><a href=\"https:\/\/embarazadasnuevelunas.com\/en\/category\/belleza_para_embarazadas\/\">Belleza para Embarazadas <\/a><\/li><\/ul><\/div><\/div><\/div><\/div>\n    <\/div>\n<\/article><\/div>\n            <div class=\"clearfix\"><\/div>\n        <\/div>            <div class=\"eael-load-more-button-wrap eael-force-hide\">\n                <button class=\"eael-load-more-button\" id=\"eael-load-more-btn-6d21e43\" data-widget-id=\"6d21e43\" data-widget=\"6d21e43\" data-page-id=\"2\" data-template=\"{&quot;dir&quot;:&quot;lite&quot;,&quot;file_name&quot;:&quot;two.php&quot;,&quot;name&quot;:&quot;Post-Grid&quot;}\" data-class=\"Essential_Addons_Elementor\\Elements\\Post_Grid\" data-layout=\"grid\" data-page=\"1\" data-args=\"orderby=date&amp;order=desc&amp;ignore_sticky_posts=1&amp;post_status=publish&amp;posts_per_page=&amp;offset=&amp;post_type=post\" data-max-page=\"3\">\n                    <span class=\"eael-btn-loader button__loader\"><\/span>\n                    <span class=\"eael_load_more_text\">Cargar m\u00e1s<\/span>\n                <\/button>\n            <\/div>\n            \t\t\t\t<\/div>\n\t\t\t\t<\/div>\n\t\t\t\t<\/div>\n\t\t\t\t<\/div>","protected":false},"excerpt":{"rendered":"<p>Blog Encuentra contenido seg\u00fan estas categor\u00edas Autocuidados en la gestaci\u00f3nBelleza para EmbarazadasImagen Personal para Embarazadas&#8230;<\/p>","protected":false},"author":1,"featured_media":0,"parent":0,"menu_order":0,"comment_status":"closed","ping_status":"closed","template":"","meta":{"_eb_attr":"","footnotes":""},"class_list":["post-2","page","type-page","status-publish","hentry"],"_links":{"self":[{"href":"https:\/\/embarazadasnuevelunas.com\/en\/wp-json\/wp\/v2\/pages\/2","targetHints":{"allow":["GET"]}}],"collection":[{"href":"https:\/\/embarazadasnuevelunas.com\/en\/wp-json\/wp\/v2\/pages"}],"about":[{"href":"https:\/\/embarazadasnuevelunas.com\/en\/wp-json\/wp\/v2\/types\/page"}],"author":[{"embeddable":true,"href":"https:\/\/embarazadasnuevelunas.com\/en\/wp-json\/wp\/v2\/users\/1"}],"replies":[{"embeddable":true,"href":"https:\/\/embarazadasnuevelunas.com\/en\/wp-json\/wp\/v2\/comments?post=2"}],"version-history":[{"count":58,"href":"https:\/\/embarazadasnuevelunas.com\/en\/wp-json\/wp\/v2\/pages\/2\/revisions"}],"predecessor-version":[{"id":1338,"href":"https:\/\/embarazadasnuevelunas.com\/en\/wp-json\/wp\/v2\/pages\/2\/revisions\/1338"}],"wp:attachment":[{"href":"https:\/\/embarazadasnuevelunas.com\/en\/wp-json\/wp\/v2\/media?parent=2"}],"curies":[{"name":"wp","href":"https:\/\/api.w.org\/{rel}","templated":true}]}}